{"id":157,"date":"2024-06-13T08:06:58","date_gmt":"2024-06-13T08:06:58","guid":{"rendered":"http:\/\/34.143.203.73\/?page_id=157"},"modified":"2025-12-08T06:47:40","modified_gmt":"2025-12-08T06:47:40","slug":"contact","status":"publish","type":"page","link":"https:\/\/www.yellowbat.com\/pt\/contact\/","title":{"rendered":"CONTATO"},"content":{"rendered":"<div data-elementor-type=\"wp-page\" data-elementor-id=\"157\" class=\"elementor elementor-157\" data-elementor-post-type=\"page\">\n\t\t\t\t<div class=\"elementor-element elementor-element-2635473 e-con-full e-flex e-con e-parent\" data-id=\"2635473\" data-element_type=\"container\" data-e-type=\"container\" data-settings=\"{&quot;background_background&quot;:&quot;classic&quot;}\">\n\t\t<div class=\"elementor-element elementor-element-e75b4ee e-con-full e-flex e-con e-child\" data-id=\"e75b4ee\" data-element_type=\"container\" data-e-type=\"container\">\n\t\t\t\t<div class=\"elementor-element elementor-element-ac90341 elementor-widget elementor-widget-heading\" data-id=\"ac90341\" data-element_type=\"widget\" data-e-type=\"widget\" data-widget_type=\"heading.default\">\n\t\t\t\t<div class=\"elementor-widget-container\">\n\t\t\t\t\t<h1 class=\"elementor-heading-title elementor-size-default\">Contate o Yellow Bat\u2122<\/h1>\t\t\t\t<\/div>\n\t\t\t\t<\/div>\n\t\t\t\t<div class=\"elementor-element elementor-element-352d136 elementor-widget elementor-widget-text-editor\" data-id=\"352d136\" data-element_type=\"widget\" data-e-type=\"widget\" data-widget_type=\"text-editor.default\">\n\t\t\t\t<div class=\"elementor-widget-container\">\n\t\t\t\t\t\t\t\t\t<p>Entre em contato com a Yellow Bat\u2122<\/p><p>Vamos Elevar o N\u00edvel da sua Experi\u00eancia de Jogo!<\/p><p>Obrigado por seu interesse em nossos produtos incr\u00edveis! Mal podemos esperar para ouvir suas ideias e como podemos trabalhar juntos para criar uma experi\u00eancia de jogo inesquec\u00edvel.<br \/>Entraremos em contato sem demora, prontos para levar sua jornada de jogos a novos patamares. Prepare-se para uma aventura imersiva como nunca antes!<\/p>\t\t\t\t\t\t\t\t<\/div>\n\t\t\t\t<\/div>\n\t\t\t\t<\/div>\n\t\t<div class=\"elementor-element elementor-element-4d9ccde e-con-full e-flex e-con e-child\" data-id=\"4d9ccde\" data-element_type=\"container\" data-e-type=\"container\">\n\t\t<div class=\"elementor-element elementor-element-8ce8d9c e-con-full e-flex e-con e-child\" data-id=\"8ce8d9c\" data-element_type=\"container\" data-e-type=\"container\" data-settings=\"{&quot;background_background&quot;:&quot;classic&quot;}\">\n\t\t\t\t<div class=\"elementor-element elementor-element-a5b9c77 elementor-widget elementor-widget-shortcode\" data-id=\"a5b9c77\" data-element_type=\"widget\" data-e-type=\"widget\" data-widget_type=\"shortcode.default\">\n\t\t\t\t<div class=\"elementor-widget-container\">\n\t\t\t\t\t\t\t<div class=\"elementor-shortcode\">\n<div class=\"wpcf7 no-js\" id=\"wpcf7-f1985-o1\" lang=\"zh-TW\" dir=\"ltr\" data-wpcf7-id=\"1985\">\n<div class=\"screen-reader-response\"><p role=\"status\" aria-live=\"polite\" aria-atomic=\"true\"><\/p> <ul><\/ul><\/div>\n<form action=\"\/pt\/wp-json\/wp\/v2\/pages\/157#wpcf7-f1985-o1\" method=\"post\" class=\"wpcf7-form init\" aria-label=\"\u806f\u7d61\u8868\u55ae\" novalidate=\"novalidate\" data-status=\"init\" data-trp-original-action=\"\/pt\/wp-json\/wp\/v2\/pages\/157#wpcf7-f1985-o1\">\n<fieldset class=\"hidden-fields-container\"><input type=\"hidden\" name=\"_wpcf7\" value=\"1985\" \/><input type=\"hidden\" name=\"_wpcf7_version\" value=\"6.1.5\" \/><input type=\"hidden\" name=\"_wpcf7_locale\" value=\"zh_TW\" \/><input type=\"hidden\" name=\"_wpcf7_unit_tag\" value=\"wpcf7-f1985-o1\" \/><input type=\"hidden\" name=\"_wpcf7_container_post\" value=\"0\" \/><input type=\"hidden\" name=\"_wpcf7_posted_data_hash\" value=\"\" \/>\n<\/fieldset>\n<p><label for=\"email\">Email<\/label><br \/>\n<span class=\"wpcf7-form-control-wrap\" data-name=\"email\"><input size=\"40\" maxlength=\"400\" class=\"wpcf7-form-control wpcf7-email wpcf7-validates-as-required wpcf7-text wpcf7-validates-as-email\" id=\"email\" aria-required=\"true\" aria-invalid=\"false\" value=\"\" type=\"email\" name=\"email\" \/><\/span>\n<\/p>\n<p><label for=\"Name\">Nome<\/label><br \/>\n<span class=\"wpcf7-form-control-wrap\" data-name=\"Name\"><input size=\"40\" maxlength=\"400\" class=\"wpcf7-form-control wpcf7-text wpcf7-validates-as-required\" id=\"Name\" aria-required=\"true\" aria-invalid=\"false\" value=\"\" type=\"text\" name=\"Name\" \/><\/span>\n<\/p>\n<p><label for=\"CompanyName\">Nome da Empresa<\/label><br \/>\n<span class=\"wpcf7-form-control-wrap\" data-name=\"CompanyName\"><input size=\"40\" maxlength=\"400\" class=\"wpcf7-form-control wpcf7-text wpcf7-validates-as-required\" id=\"CompanyName\" aria-required=\"true\" aria-invalid=\"false\" value=\"\" type=\"text\" name=\"CompanyName\" \/><\/span>\n<\/p>\n<p><label for=\"businesssectors\">Setor de Neg\u00f3cios<\/label><br \/>\n<span class=\"wpcf7-form-control-wrap\" data-name=\"businesssectors\"><select class=\"wpcf7-form-control wpcf7-select\" id=\"businesssectors\" aria-invalid=\"false\" name=\"businesssectors\"><option value=\"--- Selection ---\">--- Sele\u00e7\u00e3o ---<\/option><option value=\"Operator\">Operador<\/option><option value=\"Platform Provider\">Provedor de Plataforma<\/option><option value=\"Game Provider\">Desenvolvedor de Jogos<\/option><option value=\"Aggregators\">Agregadores<\/option><option value=\"Reseller\">Revendedor<\/option><option value=\"API Integrator\">Integrador de APIs<\/option><option value=\"Others\">Outros<\/option><\/select><\/span>\n<\/p>\n<p><label for=\"preferredmessenger\">Prefer\u00eancia de Contato<\/label><br \/>\n<span class=\"wpcf7-form-control-wrap\" data-name=\"preferredmessenger\"><span class=\"wpcf7-form-control wpcf7-radio\" id=\"preferredmessenger\"><span class=\"wpcf7-list-item first\"><label><input type=\"radio\" name=\"preferredmessenger\" value=\"Telegram\" checked=\"checked\" \/><span class=\"wpcf7-list-item-label\">Telegram<\/span><\/label><\/span><span class=\"wpcf7-list-item\"><label><input type=\"radio\" name=\"preferredmessenger\" value=\"WhatsApp\" \/><span class=\"wpcf7-list-item-label\">WhatsApp<\/span><\/label><\/span><span class=\"wpcf7-list-item\"><label><input type=\"radio\" name=\"preferredmessenger\" value=\"WeChat\" \/><span class=\"wpcf7-list-item-label\">WeChat<\/span><\/label><\/span><span class=\"wpcf7-list-item last\"><label><input type=\"radio\" name=\"preferredmessenger\" value=\"Skype\" \/><span class=\"wpcf7-list-item-label\">Skype<\/span><\/label><\/span><\/span><\/span>\n<\/p>\n<p><label for=\"id\">ID<\/label><br \/>\n<span class=\"wpcf7-form-control-wrap\" data-name=\"id\"><input size=\"40\" maxlength=\"400\" class=\"wpcf7-form-control wpcf7-text\" id=\"id\" aria-invalid=\"false\" value=\"\" type=\"text\" name=\"id\" \/><\/span>\n<\/p>\n<p><label for=\"message\">Mensagem<\/label><br \/>\n<span class=\"wpcf7-form-control-wrap\" data-name=\"message\"><textarea cols=\"40\" rows=\"10\" maxlength=\"2000\" class=\"wpcf7-form-control wpcf7-textarea wpcf7-validates-as-required\" id=\"message\" aria-required=\"true\" aria-invalid=\"false\" name=\"message\"><\/textarea><\/span>\n<\/p>\n<p><input class=\"wpcf7-form-control wpcf7-submit has-spinner\" id=\"send\" type=\"submit\" value=\"Enviar\" \/>\n<\/p><div class=\"wpcf7-response-output\" aria-hidden=\"true\"><\/div>\n<input type=\"hidden\" name=\"trp-form-language\" value=\"pt\"\/><\/form>\n<\/div>\n<\/div>\n\t\t\t\t\t\t<\/div>\n\t\t\t\t<\/div>\n\t\t\t\t<\/div>\n\t\t\t\t<div class=\"elementor-element elementor-element-98272d7 elementor-widget elementor-widget-image\" data-id=\"98272d7\" data-element_type=\"widget\" data-e-type=\"widget\" data-widget_type=\"image.default\">\n\t\t\t\t<div class=\"elementor-widget-container\">\n\t\t\t\t\t\t\t\t\t\t\t\t\t\t\t<img fetchpriority=\"high\" decoding=\"async\" width=\"900\" height=\"1000\" src=\"https:\/\/www.yellowbat.com\/wp-content\/uploads\/2025\/12\/yellow-bat-contact-Tiger-Boom.webp\" class=\"attachment-1536x1536 size-1536x1536 wp-image-9807\" alt=\"yellow bat-contact-Tiger Boom\" srcset=\"https:\/\/www.yellowbat.com\/wp-content\/uploads\/2025\/12\/yellow-bat-contact-Tiger-Boom.webp 900w, https:\/\/www.yellowbat.com\/wp-content\/uploads\/2025\/12\/yellow-bat-contact-Tiger-Boom-270x300.webp 270w, https:\/\/www.yellowbat.com\/wp-content\/uploads\/2025\/12\/yellow-bat-contact-Tiger-Boom-768x853.webp 768w, https:\/\/www.yellowbat.com\/wp-content\/uploads\/2025\/12\/yellow-bat-contact-Tiger-Boom-11x12.webp 11w\" sizes=\"(max-width: 900px) 100vw, 900px\" \/>\t\t\t\t\t\t\t\t\t\t\t\t\t\t\t<\/div>\n\t\t\t\t<\/div>\n\t\t\t\t<\/div>\n\t\t\t\t<\/div>\n\t\t\t\t<\/div>","protected":false},"excerpt":{"rendered":"<p>Contact Yellow Bat\u2122 Get in Touch with Yellow Bat\u2122 Let&#8217;s Level Up Your Gaming Experience! Thank you for your interest [&hellip;]<\/p>\n","protected":false},"author":1,"featured_media":0,"parent":0,"menu_order":0,"comment_status":"closed","ping_status":"closed","template":"","meta":{"_acf_changed":false,"site-sidebar-layout":"no-sidebar","site-content-layout":"","ast-site-content-layout":"full-width-container","site-content-style":"default","site-sidebar-style":"default","ast-global-header-display":"","ast-banner-title-visibility":"","ast-main-header-display":"","ast-hfb-above-header-display":"","ast-hfb-below-header-display":"","ast-hfb-mobile-header-display":"","site-post-title":"disabled","ast-breadcrumbs-content":"","ast-featured-img":"disabled","footer-sml-layout":"","ast-disable-related-posts":"","theme-transparent-header-meta":"","adv-header-id-meta":"","stick-header-meta":"","header-above-stick-meta":"","header-main-stick-meta":"","header-below-stick-meta":"","astra-migrate-meta-layouts":"default","ast-page-background-enabled":"default","ast-page-background-meta":{"desktop":{"background-color":"var(--ast-global-color-4)","background-image":"","background-repeat":"repeat","background-position":"center center","background-size":"auto","background-attachment":"scroll","background-type":"","background-media":"","overlay-type":"","overlay-color":"","overlay-opacity":"","overlay-gradient":""},"tablet":{"background-color":"","background-image":"","background-repeat":"repeat","background-position":"center center","background-size":"auto","background-attachment":"scroll","background-type":"","background-media":"","overlay-type":"","overlay-color":"","overlay-opacity":"","overlay-gradient":""},"mobile":{"background-color":"","background-image":"","background-repeat":"repeat","background-position":"center center","background-size":"auto","background-attachment":"scroll","background-type":"","background-media":"","overlay-type":"","overlay-color":"","overlay-opacity":"","overlay-gradient":""}},"ast-content-background-meta":{"desktop":{"background-color":"var(--ast-global-color-5)","background-image":"","background-repeat":"repeat","background-position":"center center","background-size":"auto","background-attachment":"scroll","background-type":"","background-media":"","overlay-type":"","overlay-color":"","overlay-opacity":"","overlay-gradient":""},"tablet":{"background-color":"var(--ast-global-color-5)","background-image":"","background-repeat":"repeat","background-position":"center center","background-size":"auto","background-attachment":"scroll","background-type":"","background-media":"","overlay-type":"","overlay-color":"","overlay-opacity":"","overlay-gradient":""},"mobile":{"background-color":"var(--ast-global-color-5)","background-image":"","background-repeat":"repeat","background-position":"center center","background-size":"auto","background-attachment":"scroll","background-type":"","background-media":"","overlay-type":"","overlay-color":"","overlay-opacity":"","overlay-gradient":""}},"footnotes":""},"class_list":["post-157","page","type-page","status-publish","hentry"],"acf":[],"_links":{"self":[{"href":"https:\/\/www.yellowbat.com\/pt\/wp-json\/wp\/v2\/pages\/157","targetHints":{"allow":["GET"]}}],"collection":[{"href":"https:\/\/www.yellowbat.com\/pt\/wp-json\/wp\/v2\/pages"}],"about":[{"href":"https:\/\/www.yellowbat.com\/pt\/wp-json\/wp\/v2\/types\/page"}],"author":[{"embeddable":true,"href":"https:\/\/www.yellowbat.com\/pt\/wp-json\/wp\/v2\/users\/1"}],"replies":[{"embeddable":true,"href":"https:\/\/www.yellowbat.com\/pt\/wp-json\/wp\/v2\/comments?post=157"}],"version-history":[{"count":71,"href":"https:\/\/www.yellowbat.com\/pt\/wp-json\/wp\/v2\/pages\/157\/revisions"}],"predecessor-version":[{"id":9810,"href":"https:\/\/www.yellowbat.com\/pt\/wp-json\/wp\/v2\/pages\/157\/revisions\/9810"}],"wp:attachment":[{"href":"https:\/\/www.yellowbat.com\/pt\/wp-json\/wp\/v2\/media?parent=157"}],"curies":[{"name":"wp","href":"https:\/\/api.w.org\/{rel}","templated":true}]}}